{"id":932,"date":"2024-11-03T18:42:41","date_gmt":"2024-11-03T18:42:41","guid":{"rendered":"https:\/\/rudypadla.com\/?post_type=product&#038;p=932"},"modified":"2025-06-04T18:08:27","modified_gmt":"2025-06-04T18:08:27","slug":"estel-et-elfy-von-chipsy-time","status":"publish","type":"product","link":"https:\/\/rudypadla.com\/fr\/product\/estel-et-elfy-von-chipsy-time\/","title":{"rendered":"Oskar von Weltwitz et Alfa-Prima"},"content":{"rendered":"","protected":false},"excerpt":{"rendered":"<p>La premi\u00e8re port\u00e9e 2025 n\u00e9e le 11\/05\/2025 de papa Champion de Bi\u00e9lorussie Oskar von Weltswitz et maman meilleure de race Alfa-Prima<\/p>","protected":false},"featured_media":1310,"comment_status":"open","ping_status":"closed","template":"","meta":[],"product_cat":[89],"product_tag":[],"class_list":{"0":"post-932","1":"product","2":"type-product","3":"status-publish","4":"has-post-thumbnail","6":"product_cat-puppies","8":"first","9":"instock","10":"shipping-taxable","11":"purchasable","12":"product-type-simple"},"_links":{"self":[{"href":"https:\/\/rudypadla.com\/fr\/wp-json\/wp\/v2\/product\/932","targetHints":{"allow":["GET"]}}],"collection":[{"href":"https:\/\/rudypadla.com\/fr\/wp-json\/wp\/v2\/product"}],"about":[{"href":"https:\/\/rudypadla.com\/fr\/wp-json\/wp\/v2\/types\/product"}],"replies":[{"embeddable":true,"href":"https:\/\/rudypadla.com\/fr\/wp-json\/wp\/v2\/comments?post=932"}],"wp:featuredmedia":[{"embeddable":true,"href":"https:\/\/rudypadla.com\/fr\/wp-json\/wp\/v2\/media\/1310"}],"wp:attachment":[{"href":"https:\/\/rudypadla.com\/fr\/wp-json\/wp\/v2\/media?parent=932"}],"wp:term":[{"taxonomy":"product_cat","embeddable":true,"href":"https:\/\/rudypadla.com\/fr\/wp-json\/wp\/v2\/product_cat?post=932"},{"taxonomy":"product_tag","embeddable":true,"href":"https:\/\/rudypadla.com\/fr\/wp-json\/wp\/v2\/product_tag?post=932"}],"curies":[{"name":"wp","href":"https:\/\/api.w.org\/{rel}","templated":true}]}}