{"id":672,"date":"2024-09-07T12:25:57","date_gmt":"2024-09-07T12:25:57","guid":{"rendered":"https:\/\/rudypadla.com\/?page_id=672"},"modified":"2024-09-07T13:04:29","modified_gmt":"2024-09-07T13:04:29","slug":"royal-canin","status":"publish","type":"page","link":"https:\/\/rudypadla.com\/fr\/royal-canin\/","title":{"rendered":"Royal Canin"},"content":{"rendered":"<div id=\"tdi_1\" class=\"tdc-zone\"><div class=\"tdc_zone tdi_2  wpb_row td-pb-row\"  >\n<style scoped>\n\/* custom css - generated by TagDiv Composer *\/\n\n\/* custom css - generated by TagDiv Composer *\/\n\/* custom css - generated by TagDiv Composer *\/\n.tdi_2{\r\n                    min-height: 0;\r\n                }\n<\/style><div id=\"tdi_3\" class=\"tdc-row\"><div class=\"vc_row tdi_4  wpb_row td-pb-row\" >\n<style scoped>\n\/* custom css - generated by TagDiv Composer *\/\n\n\/* custom css - generated by TagDiv Composer *\/\n\/* custom css - generated by TagDiv Composer *\/\n.tdi_4,\r\n                .tdi_4 .tdc-columns{\r\n                    min-height: 0;\r\n                }.tdi_4,\r\n\t\t\t\t.tdi_4 .tdc-columns{\r\n\t\t\t\t    display: block;\r\n\t\t\t\t}.tdi_4 .tdc-columns{\r\n\t\t\t\t    width: 100%;\r\n\t\t\t\t}\n<\/style><div class=\"vc_column tdi_6  wpb_column vc_column_container tdc-column td-pb-span12\">\n<style scoped>\n\/* custom css - generated by TagDiv Composer *\/\n\n\/* custom css - generated by TagDiv Composer *\/\n\/* custom css - generated by TagDiv Composer *\/\n.tdi_6{\r\n                    vertical-align: baseline;\r\n                }.tdi_6 > .wpb_wrapper,\r\n\t\t\t\t.tdi_6 > .wpb_wrapper > .tdc-elements{\r\n\t\t\t\t    display: block;\r\n\t\t\t\t}.tdi_6 > .wpb_wrapper > .tdc-elements{\r\n\t\t\t\t    width: 100%;\r\n\t\t\t\t}.tdi_6 > .wpb_wrapper > .vc_row_inner{\r\n\t\t\t\t    width: auto;\r\n\t\t\t\t}.tdi_6 > .wpb_wrapper{\r\n\t\t\t\t    width: auto;\r\n\t\t\t\t    height: auto;\r\n\t\t\t\t}\n<\/style><div class=\"wpb_wrapper\" ><\/div><\/div><\/div><\/div><div id=\"tdi_7\" class=\"tdc-row stretch_row_1200 td-stretch-content\"><div class=\"vc_row tdi_8  wpb_row td-pb-row tdc-element-style\" >\n<style scoped>\n\/* custom css - generated by TagDiv Composer *\/\n\n\/* custom css - generated by TagDiv Composer *\/\n\/* custom css - generated by TagDiv Composer *\/\n.tdi_8,\r\n                .tdi_8 .tdc-columns{\r\n                    min-height: 0;\r\n                }.tdi_8,\r\n\t\t\t\t.tdi_8 .tdc-columns{\r\n\t\t\t\t    display: block;\r\n\t\t\t\t}.tdi_8 .tdc-columns{\r\n\t\t\t\t    width: 100%;\r\n\t\t\t\t}\n\/* inline tdc_css att - generated by TagDiv Composer *\/\n\n.tdi_8{\npadding-top:20px !important;\npadding-bottom:80px !important;\nposition:relative;\n}\n\n.tdi_8 .td_block_wrap{ text-align:left }\n\n<\/style>\n<div class=\"tdi_7_rand_style td-element-style\" ><div class=\"td-element-style-before\"><style>\n\/* custom css - generated by TagDiv Composer *\/\n\n.tdi_7_rand_style > .td-element-style-before {\ncontent:'' !important;\nwidth:100% !important;\nheight:100% !important;\nposition:absolute !important;\ntop:0 !important;\nleft:0 !important;\ndisplay:block !important;\nz-index:0 !important;\nbackground-position:center center !important;\nbackground-size:cover !important;\n}\n<\/style><\/div><\/div><div class=\"vc_column tdi_10  wpb_column vc_column_container tdc-column td-pb-span12\">\n<style scoped>\n\/* custom css - generated by TagDiv Composer *\/\n\n\/* custom css - generated by TagDiv Composer *\/\n\/* custom css - generated by TagDiv Composer *\/\n.tdi_10{\r\n                    vertical-align: baseline;\r\n                }.tdi_10 > .wpb_wrapper,\r\n\t\t\t\t.tdi_10 > .wpb_wrapper > .tdc-elements{\r\n\t\t\t\t    display: block;\r\n\t\t\t\t}.tdi_10 > .wpb_wrapper > .tdc-elements{\r\n\t\t\t\t    width: 100%;\r\n\t\t\t\t}.tdi_10 > .wpb_wrapper > .vc_row_inner{\r\n\t\t\t\t    width: auto;\r\n\t\t\t\t}.tdi_10 > .wpb_wrapper{\r\n\t\t\t\t    width: auto;\r\n\t\t\t\t    height: auto;\r\n\t\t\t\t}\n<\/style><div class=\"wpb_wrapper\" ><div class=\"tdm_block td_block_wrap tdm_block_text_image tdi_11 td-animation-stack tdm-flip-yes tdm-layout-12-12 tdm-content-horiz-left tdm-content-vert-center td-pb-border-top td_block_template_1\"  data-td-block-uid=\"tdi_11\" >\n<style>\n\n\/* inline tdc_css att - generated by TagDiv Composer *\/\n\n.tdi_11{\nmargin-bottom:0px !important;\n}\n\n<\/style>\n<style>\n\/* custom css - generated by TagDiv Composer *\/\n\/* custom css - generated by TagDiv Composer *\/\n\r\n                \r\n                .tdm_block_text_image .tdm-text-wrap{\r\n                  padding-top: 20px;\r\n                  padding-bottom: 20px;\r\n                }.tdm_block_text_image .tdm-descr{\r\n                  margin-bottom: 0;\r\n                }.tdm_block_text_image .tds-button{\r\n                  margin-top: 30px;\r\n                }.tdi_11 .tdm-descr{\r\n                    color: #999999;\r\n                }.tdi_11 .tdm-descr a{\r\n                    color: #583927;\r\n                }@media (min-width: 767px) {\r\n                  .tdm_block_text_image.tdm-text-image-extend-img {\r\n                    margin-right: calc((-100vw + 100%) \/ 2);\r\n                  }\r\n                  .tdm_block_text_image.tdm-text-image-extend-img.tdm-flip-yes {\r\n                    margin-right: 0;\r\n                    margin-left: calc((-100vw + 100%) \/ 2);\r\n                  }\r\n                  .tdm_block_text_image.tdm-text-image-extend-img.tdm-flip-yes .tdm-col-img {\r\n                    text-align: right;\r\n                  }\r\n                }@media (max-width: 767px) {\r\n                  .tdm_block_text_image .tdm-col-img {\r\n                    margin-top: 36px;\r\n                  }\r\n                  .tdm_block_text_image.tdm-flip-yes .tdm-col-img {\r\n                    margin-top: 0;\r\n                    margin-bottom: 15px;\r\n                  }\r\n                }\n<\/style><div class=\"td-block-width tdm-fix-full\"><div class=\"td-block-row tdm-row\"><div class=\"td-block-span6 tdm-col tdm-col-img\"><img class=\"tdm-image td-fix-index td-lazy-img\" data-type=\"image_tag\" data-img-url=\"https:\/\/rudypadla.com\/wp-content\/uploads\/2024\/09\/Royal-Canin-Logo.svg_.png\"  title=\"Royal-Canin-Logo.svg\" width=\"800\" height=\"301\"><\/div><div class=\"td-block-span6 tdm-col\"><div class=\"tdm-text-wrap tdm-text-padding\">\n<style>\n\/* custom css - generated by TagDiv Composer *\/\n\/* custom css - generated by TagDiv Composer *\/\nbody .tdi_12 .tdm-title{\r\n\t\t\t\t\tcolor: #0a0a0a;\r\n\t\t\t\t}.tdi_12 .tdm-title{\r\n\t\t\t\t\tfont-family:Kaushan Script !important;font-weight:500 !important;\r\n\t\t\t\t}\n<\/style><div class=\"tds-title tds-title1 td-fix-index tdi_12\"><h3 class=\"tdm-title tdm-title-bg\"><\/h3><\/div><p class=\"tdm-descr td-fix-index\">Conform\u00e9ment \u00e0 notre attitude s\u00e9rieuse \u00e0 l'\u00e9gard de l'alimentation, nous avons pass\u00e9 plusieurs ann\u00e9es \u00e0 trouver une alimentation \u00e9quilibr\u00e9e et qualitative pour les chiots et les chiens adultes.\n\nDepuis quelques ann\u00e9es, nous collaborons avec Royal Canin. Au d\u00e9part, l'id\u00e9e \u00e9tait de trouver un fabricant d'aliments secs et humides avec une gamme pour chiens et chats de tous \u00e2ges, tailles et races.\n\nChaque chiot quitte notre \u00e9levage avec un paquet de croquettes pour assurer le passage \u00e0 d'autres aliments.\nVous trouverez tous les liens n\u00e9cessaires dans notre rubrique LIENS. \n<\/p>\n<style>\n\/* custom css - generated by TagDiv Composer *\/\n\/* custom css - generated by TagDiv Composer *\/\n.tdi_13 .tdm-btn-text,\r\n\t\t\t\t.tdi_13 i{\r\n\t\t\t\t\tbackground-color: #583927;\r\n\t\t\t\t\t-webkit-background-clip: text;\r\n\t\t\t\t\t-webkit-text-fill-color: transparent;\r\n\t\t\t\t}html[class*='ie'] .tdi_13 .tdm-btn-text,\r\n\t\t\t\thtml[class*='ie'] .tdi_13 i{\r\n\t\t\t\t    background: none;\r\n\t\t\t\t\tcolor: #583927;\r\n\t\t\t\t}body .tdi_13 svg{\r\n\t\t\t\t    fill: #583927;\r\n\t\t\t\t}body .tdi_13 svg *{\r\n\t\t\t\t    fill: inherit;\r\n\t\t\t\t}.tdi_13 .tdm-btn-icon:last-child{\r\n\t\t\t\t\tmargin-left: 14px;\r\n\t\t\t\t}\n<\/style><div class=\"tds-button td-fix-index\"><a href=\"https:\/\/www.royalcanin.com\/us\"  title=\"Visitez le site web de Royal Canin\" class=\"tds-button5 tdm-btn tdm-btn-lg tdi_13\"  target=\"_blank\" ><span class=\"tdm-btn-text\">Visitez le site web de Royal Canin<\/span><i class=\"tdm-btn-icon tdc-font-fa tdc-font-fa-angle-right\"><\/i><\/a><\/div><\/div><\/div><\/div><\/div><\/div><\/div><\/div><\/div><\/div><\/div><\/div>","protected":false},"excerpt":{"rendered":"","protected":false},"author":1,"featured_media":0,"parent":0,"menu_order":0,"comment_status":"closed","ping_status":"closed","template":"","meta":{"footnotes":""},"class_list":["post-672","page","type-page","status-publish"],"_links":{"self":[{"href":"https:\/\/rudypadla.com\/fr\/wp-json\/wp\/v2\/pages\/672","targetHints":{"allow":["GET"]}}],"collection":[{"href":"https:\/\/rudypadla.com\/fr\/wp-json\/wp\/v2\/pages"}],"about":[{"href":"https:\/\/rudypadla.com\/fr\/wp-json\/wp\/v2\/types\/page"}],"author":[{"embeddable":true,"href":"https:\/\/rudypadla.com\/fr\/wp-json\/wp\/v2\/users\/1"}],"replies":[{"embeddable":true,"href":"https:\/\/rudypadla.com\/fr\/wp-json\/wp\/v2\/comments?post=672"}],"version-history":[{"count":6,"href":"https:\/\/rudypadla.com\/fr\/wp-json\/wp\/v2\/pages\/672\/revisions"}],"predecessor-version":[{"id":680,"href":"https:\/\/rudypadla.com\/fr\/wp-json\/wp\/v2\/pages\/672\/revisions\/680"}],"wp:attachment":[{"href":"https:\/\/rudypadla.com\/fr\/wp-json\/wp\/v2\/media?parent=672"}],"curies":[{"name":"wp","href":"https:\/\/api.w.org\/{rel}","templated":true}]}}