{"id":636,"date":"2024-09-07T12:17:32","date_gmt":"2024-09-07T12:17:32","guid":{"rendered":"https:\/\/rudypadla.com\/?page_id=636"},"modified":"2024-09-07T12:17:33","modified_gmt":"2024-09-07T12:17:33","slug":"about-us","status":"publish","type":"page","link":"https:\/\/rudypadla.com\/fr\/a-propos-de-nous\/","title":{"rendered":"A propos de nous"},"content":{"rendered":"<div id=\"tdi_1\" class=\"tdc-zone\"><div class=\"tdc_zone tdi_2  wpb_row td-pb-row\"  >\n<style scoped>\n\/* custom css - generated by TagDiv Composer *\/\n\n\/* custom css - generated by TagDiv Composer *\/\n\/* custom css - generated by TagDiv Composer *\/\n.tdi_2{\r\n                    min-height: 0;\r\n                }\n<\/style><div id=\"tdi_3\" class=\"tdc-row stretch_row_1400 td-stretch-content\"><div class=\"vc_row tdi_4  wpb_row td-pb-row\" >\n<style scoped>\n\/* custom css - generated by TagDiv Composer *\/\n\n\/* custom css - generated by TagDiv Composer *\/\n\/* custom css - generated by TagDiv Composer *\/\n.tdi_4,\r\n                .tdi_4 .tdc-columns{\r\n                    min-height: 0;\r\n                }.tdi_4,\r\n\t\t\t\t.tdi_4 .tdc-columns{\r\n\t\t\t\t    display: block;\r\n\t\t\t\t}.tdi_4 .tdc-columns{\r\n\t\t\t\t    width: 100%;\r\n\t\t\t\t}\n\/* inline tdc_css att - generated by TagDiv Composer *\/\n\n\/* landscape *\/\n@media (min-width: 1019px) and (max-width: 1140px)\n{\n.tdi_4{\nmargin-bottom:60px !important;\n}\n}\n\n\/* portrait *\/\n@media (min-width: 768px) and (max-width: 1018px)\n{\n.tdi_4{\nmargin-bottom:60px !important;\n}\n}\n\n\/* phone *\/\n@media (max-width: 767px)\n{\n.tdi_4{\nmargin-bottom:20px !important;\n}\n}\n\n<\/style><div class=\"vc_column tdi_6  wpb_column vc_column_container tdc-column td-pb-span6\">\n<style scoped>\n\/* custom css - generated by TagDiv Composer *\/\n\n\/* custom css - generated by TagDiv Composer *\/\n\/* custom css - generated by TagDiv Composer *\/\n.tdi_6{\r\n                    vertical-align: baseline;\r\n                }.tdi_6 > .wpb_wrapper,\r\n\t\t\t\t.tdi_6 > .wpb_wrapper > .tdc-elements{\r\n\t\t\t\t    display: block;\r\n\t\t\t\t}.tdi_6 > .wpb_wrapper > .tdc-elements{\r\n\t\t\t\t    width: 100%;\r\n\t\t\t\t}.tdi_6 > .wpb_wrapper > .vc_row_inner{\r\n\t\t\t\t    width: auto;\r\n\t\t\t\t}.tdi_6 > .wpb_wrapper{\r\n\t\t\t\t    width: auto;\r\n\t\t\t\t    height: auto;\r\n\t\t\t\t}\n\/* inline tdc_css att - generated by TagDiv Composer *\/\n\n.tdi_6{\npadding-right:100px !important;\n}\n\n\/* landscape *\/\n@media (min-width: 1019px) and (max-width: 1140px)\n{\n.tdi_6{\npadding-top:0px !important;\npadding-right:20px !important;\n}\n}\n\n\/* portrait *\/\n@media (min-width: 768px) and (max-width: 1018px)\n{\n.tdi_6{\npadding-top:0px !important;\npadding-right:20px !important;\n}\n}\n\n\/* phone *\/\n@media (max-width: 767px)\n{\n.tdi_6{\npadding-top:0px !important;\npadding-right:0px !important;\n}\n}\n\n<\/style><div class=\"wpb_wrapper\" ><div class=\"tdm_block td_block_wrap tdm_block_socials tdi_7 tdm-content-horiz-left td-pb-border-top td_block_template_1\"  data-td-block-uid=\"tdi_7\" >\n<style>\n\/* custom css - generated by TagDiv Composer *\/\n\/* custom css - generated by TagDiv Composer *\/\n.tdm_block.tdm_block_socials{\r\n                  margin-bottom: 0;\r\n                }.tdm-social-wrapper{\r\n                  *zoom: 1;\r\n                }.tdm-social-wrapper:before,\r\n                .tdm-social-wrapper:after{\r\n                  display: table;\r\n                  content: '';\r\n                  line-height: 0;\r\n                }.tdm-social-wrapper:after{\r\n                  clear: both;\r\n                }.tdm-social-item-wrap{\r\n                  display: inline-block;\r\n                }.tdm-social-item{\r\n                  position: relative;\r\n                  display: inline-block;\r\n                  vertical-align: middle;\r\n                  -webkit-transition: all 0.2s;\r\n                  transition: all 0.2s;\r\n                  text-align: center;\r\n                  -webkit-transform: translateZ(0);\r\n                  transform: translateZ(0);\r\n                }.tdm-social-item i{\r\n                  font-size: 14px;\r\n                  color: var(--td_theme_color, #4db2ec);\r\n                  -webkit-transition: all 0.2s;\r\n                  transition: all 0.2s;\r\n                }.tdm-social-text{\r\n                  display: none;\r\n                  margin-top: -1px;\r\n                  vertical-align: middle;\r\n                  font-size: 13px;\r\n                  color: var(--td_theme_color, #4db2ec);\r\n                  -webkit-transition: all 0.2s;\r\n                  transition: all 0.2s;\r\n                }.tdm-social-item-wrap:hover i,\r\n                .tdm-social-item-wrap:hover .tdm-social-text{\r\n                  color: #000;\r\n                }.tdm-social-item-wrap:last-child .tdm-social-text{\r\n                  margin-right: 0 !important;\r\n                }\n<\/style>\n<style>\n\/* custom css - generated by TagDiv Composer *\/\n\/* custom css - generated by TagDiv Composer *\/\n.tdi_8 .tdm-social-item i{\r\n\t\t\t\t\tfont-size: 14px;\r\n\t\t\t\t\tvertical-align: middle;\r\n\t\t\t\t}.tdi_8 .tdm-social-item i.td-icon-linkedin,\r\n\t\t\t\t.tdi_8 .tdm-social-item i.td-icon-pinterest,\r\n\t\t\t\t.tdi_8 .tdm-social-item i.td-icon-blogger,\r\n\t\t\t\t.tdi_8 .tdm-social-item i.td-icon-vimeo{\r\n\t\t\t\t\tfont-size: 11.2px;\r\n\t\t\t\t}.tdi_8 .tdm-social-item{\r\n\t\t\t\t\twidth: 39.2px;\r\n\t\t\t\t\theight: 39.2px;\r\n\t\t\t\t\r\n\t\t\t\t    margin: 10px 20px 10px 0;\r\n\t\t\t\t\r\n\t\t\t\t\tborder-radius: 50px;\r\n\t\t\t\t}.tdi_8 .tdm-social-item i{\r\n\t\t\t\t\tline-height: 39.2px;\r\n\t\t\t\t}.tdi_8 .tdm-social-item-wrap:last-child .tdm-social-item{\r\n\t\t\t\t    margin-right: 0 !important;\r\n\t\t\t\t}.tdi_8 .tdm-social-item i,\r\n\t\t\t\t.tds-team-member2 .tdi_8.tds-social4 .tdm-social-item i{\r\n\t\t\t\t\tcolor: #583927;\r\n\t\t\t\t}.tdi_8 .tdm-social-item-wrap:hover i,\r\n\t\t\t\tbody .tds-team-member2 .tdi_8.tds-social4 .tdm-social-item-wrap:hover i{\r\n\t\t\t\t\tcolor: #e28534;\r\n\t\t\t\t}body .tdi_8 .tdm-social-item{\r\n\t\t\t\t    border: 1px solid #ededed;\r\n\t\t\t\t}body .tdi_8 .tdm-social-item-wrap:hover .tdm-social-item{\r\n\t\t\t\t\tborder-color: #c3c3c3;\r\n\t\t\t\t}.tdi_8 .tdm-social-text{\r\n\t\t\t\t\tdisplay: none;\r\n\t\t\t\t\r\n\t\t\t\t\tmargin-left: 2px;\r\n\t\t\t\t\r\n\t\t\t\t\tmargin-right: 18px;\r\n\t\t\t\t}\n\n\/* landscape *\/\n@media (min-width: 1019px) and (max-width: 1140px){\n\/* custom css - generated by TagDiv Composer *\/\nbody .tdi_8 .tdm-social-item{\r\n\t\t\t\t    border: 1px solid #ededed;\r\n\t\t\t\t}\n}\n\n\/* portrait *\/\n@media (min-width: 768px) and (max-width: 1018px){\n\/* custom css - generated by TagDiv Composer *\/\nbody .tdi_8 .tdm-social-item{\r\n\t\t\t\t    border: 1px solid #ededed;\r\n\t\t\t\t}\n}\n\n\/* phone *\/\n@media (max-width: 767px){\n\/* custom css - generated by TagDiv Composer *\/\nbody .tdi_8 .tdm-social-item{\r\n\t\t\t\t    border: 1px solid #ededed;\r\n\t\t\t\t}\n}\n<\/style><div class=\"tdm-social-wrapper tds-social4 tdi_8\"><div class=\"tdm-social-item-wrap\"><a href=\"https:\/\/www.facebook.com\/profile.php?id=100075724637298&amp;rdid=dKFvRpMtblGJRgAQ&amp;share_url=https%3A%2F%2Fwww.facebook.com%2Fshare%2FeoNQionnLwdg2N4A\"  target=\"_blank\"  title=\"Facebook\" class=\"tdm-social-item\"><i class=\"td-icon-font td-icon-facebook\"><\/i><span style=\"display: none\">Facebook<\/span><\/a><\/div><div class=\"tdm-social-item-wrap\"><a href=\"https:\/\/www.instagram.com\/rudypadla_france\"  target=\"_blank\"  title=\"Instagram\" class=\"tdm-social-item\"><i class=\"td-icon-font td-icon-instagram\"><\/i><span style=\"display: none\">Instagram<\/span><\/a><\/div><\/div><\/div><div class=\"tdm_block td_block_wrap tdm_block_column_title tdi_9 tdm-content-horiz-left td-pb-border-top td_block_template_1\"  data-td-block-uid=\"tdi_9\" >\n<style>\n\n\/* inline tdc_css att - generated by TagDiv Composer *\/\n\n\/* portrait *\/\n@media (min-width: 768px) and (max-width: 1018px)\n{\n.tdi_9{\nmargin-bottom:10px !important;\n}\n}\n\n<\/style>\n<style>\n\/* custom css - generated by TagDiv Composer *\/\n\/* custom css - generated by TagDiv Composer *\/\n.tdm_block_column_title{\r\n                  margin-bottom: 0;\r\n                  display: inline-block;\r\n                  width: 100%;\r\n                }\n<\/style><div class=\"td-block-row\"><div class=\"td-block-span12 tdm-col\">\n<style>\n\/* custom css - generated by TagDiv Composer *\/\n\/* custom css - generated by TagDiv Composer *\/\n.tdi_10 .tdm-title{\r\n\t\t\t\t\tcolor: #111111;\r\n\t\t\t\t}.tdi_10 .tdm-title-line{\r\n\t\t\t\t\twidth: 0px;\r\n\t\t\t\t\r\n\t\t\t\t\theight: 5px;\r\n\t\t\t\t}.tdi_10 .tdm-title-line:after{\r\n\t\t\t\t\theight: 0px;\r\n\t\t\t\t\r\n\t\t\t\t\tbottom: 0%;\r\n\t\t\t\t}.tdi_10 .tdm-title-sub{\r\n\t\t\t\t\tmargin-bottom: 0px;\r\n\t\t\t\t}body .tdi_10 .tdm-title-sub{\r\n\t\t\t\t\tcolor: #e28534;\r\n\t\t\t\t}.tdi_10 .tdm-title{\r\n\t\t\t\t\tfont-family:Josefin Sans !important;font-size:24px !important;line-height:32px !important;font-weight:600 !important;text-transform:uppercase !important;\r\n\t\t\t\t}\n\n\/* landscape *\/\n@media (min-width: 1019px) and (max-width: 1140px){\n\/* custom css - generated by TagDiv Composer *\/\n.tdi_10 .tdm-title{\r\n\t\t\t\t\tfont-size:22px !important;line-height:30px !important;\r\n\t\t\t\t}\n}\n\n\/* portrait *\/\n@media (min-width: 768px) and (max-width: 1018px){\n\/* custom css - generated by TagDiv Composer *\/\n.tdi_10 .tdm-title{\r\n\t\t\t\t\tfont-size:18px !important;line-height:26px !important;\r\n\t\t\t\t}\n}\n\n\/* phone *\/\n@media (max-width: 767px){\n\/* custom css - generated by TagDiv Composer *\/\n.tdi_10 .tdm-title{\r\n\t\t\t\t\tfont-size:22px !important;line-height:30px !important;\r\n\t\t\t\t}\n}\n<\/style><div class=\"tds-title tds-title3  td-fix-index tdi_10\"><h3 class=\"tdm-title tdm-title-md\">\u00c0 propos de nous<\/h3><div class=\"tdm-title-line\"><\/div><div class=\"tdm-title-sub\">rudypadla.com<\/div><\/div><\/div><\/div><\/div><div class=\"tdm_block td_block_wrap tdm_block_inline_text tdi_11 tdm-inline-block td-pb-border-top td_block_template_1\"  data-td-block-uid=\"tdi_11\" >\n<style>\n\n\/* inline tdc_css att - generated by TagDiv Composer *\/\n\n.tdi_11{\nmargin-top:20px !important;\nmargin-bottom:20px !important;\n}\n\n\/* desktop *\/ @media(min-width: 1141px) { .tdi_11 { \ndisplay:block !important;\n} }\n\n\/* portrait *\/\n@media (min-width: 768px) and (max-width: 1018px)\n{\n.tdi_11{\nmargin-bottom:20px !important;\n}\n}\n\n<\/style>\n<style>\n\/* custom css - generated by TagDiv Composer *\/\n\/* custom css - generated by TagDiv Composer *\/\n.tdm_block.tdm_block_inline_text{\r\n                  margin-bottom: 0;\r\n                  vertical-align: top;\r\n                }.tdm_block.tdm_block_inline_text .tdm-descr{\r\n                  margin-bottom: 0;\r\n                  -webkit-transform: translateZ(0);\r\n                  transform: translateZ(0);\r\n                }.tdc-row-content-vert-center .tdm-inline-text-yes{\r\n                  vertical-align: middle;\r\n                }.tdc-row-content-vert-bottom .tdm-inline-text-yes{\r\n                  vertical-align: bottom;\r\n                }.tdi_11{\r\n                    text-align: left !important;\r\n                }.tdi_11 .tdm-descr{\r\n                    color: rgba(0,0,0,0.8);\r\n                \r\n\t\t\t\t\tfont-size:14px !important;line-height:22px !important;\r\n\t\t\t\t}\n<\/style><p class=\"tdm-descr\">Bas\u00e9s en Normandie, en France, il y a plusieurs ann\u00e9es, nous avons r\u00e9fl\u00e9chi \u00e0 un chien de protection pour notre maison. Le Berger allemand \u00e9tait la race qui r\u00e9unissait le mieux toutes les caract\u00e9ristiques importantes de caract\u00e8re, de beaut\u00e9 ext\u00e9rieure et de dimensions.\n\nApr\u00e8s une exp\u00e9rience merveilleuse avec notre premier chiot Berger Allemand noir solide, nous avons cr\u00e9\u00e9 pas \u00e0 pas notre propre selection bas\u00e9e sur des chiens reproducteurs rares et une observation constante de nos nouvelles g\u00e9n\u00e9rations.  \nNotre premi\u00e8re port\u00e9e a \u00e9t\u00e9 vendue en deux jours, ce fut un succ\u00e8s total. Depuis, notre selection est connue en France pour nos rares bergers allemands noirs solides \u00e0 poil court ou long.  \nLes chiots de notre \u00e9l\u00e9vage sont pr\u00e9sent\u00e9s dans des agences de s\u00e9curit\u00e9.\nNos m\u00e2les sont des Champions pr\u00e9sent\u00e9s sur diverses expositions et confirm\u00e9s pour la reproduction. \n<\/p><\/div><div class=\"tdm_block td_block_wrap tdm_block_column_title tdi_12 tdm-content-horiz-left td-pb-border-top td_block_template_1\"  data-td-block-uid=\"tdi_12\" >\n<style>\n\n\/* inline tdc_css att - generated by TagDiv Composer *\/\n\n\/* portrait *\/\n@media (min-width: 768px) and (max-width: 1018px)\n{\n.tdi_12{\nmargin-bottom:10px !important;\n}\n}\n\n<\/style><div class=\"td-block-row\"><div class=\"td-block-span12 tdm-col\">\n<style>\n\/* custom css - generated by TagDiv Composer *\/\n\/* custom css - generated by TagDiv Composer *\/\n.tdi_13 .tdm-title{\r\n\t\t\t\t\tfont-family:Open Sans !important;font-size:18px !important;line-height:26px !important;font-weight:600 !important;\r\n\t\t\t\t}\n<\/style><div class=\"tds-title tds-title1 td-fix-index tdi_13\"><h3 class=\"tdm-title tdm-title-xxsm\">Notre philosophie<\/h3><\/div><\/div><\/div><\/div><div class=\"tdm_block td_block_wrap tdm_block_inline_text tdi_14 tdm-inline-block td-pb-border-top td_block_template_1\"  data-td-block-uid=\"tdi_14\" >\n<style>\n\n\/* inline tdc_css att - generated by TagDiv Composer *\/\n\n.tdi_14{\nmargin-top:-20px !important;\nmargin-bottom:20px !important;\n}\n\n\/* desktop *\/ @media(min-width: 1141px) { .tdi_14 { \ndisplay:block !important;\n} }\n\n\/* portrait *\/\n@media (min-width: 768px) and (max-width: 1018px)\n{\n.tdi_14{\nmargin-bottom:20px !important;\n}\n}\n\n<\/style>\n<style>\n\/* custom css - generated by TagDiv Composer *\/\n\/* custom css - generated by TagDiv Composer *\/\n.tdi_14{\r\n                    text-align: left !important;\r\n                }.tdi_14 .tdm-descr{\r\n                    color: rgba(0,0,0,0.8);\r\n                \r\n\t\t\t\t\tfont-size:14px !important;line-height:22px !important;\r\n\t\t\t\t}\n<\/style><p class=\"tdm-descr\">Nous pensons qu'un bon berger allemand est celui qui est clair dans sa t\u00eate, qui a une forte capacit\u00e9 \u00e0 s'adapter \u00e0 toutes les situations, qui a un excellent caract\u00e8re et une bonne socialisation avec les autres animaux et les humains.\nChaque chien reproducteur de notre \u00e9levage a \u00e9t\u00e9 test\u00e9 pour la dysplasie des hanches et  coudes et la my\u00e9lopathie d\u00e9g\u00e9n\u00e9rative. Tous les r\u00e9sultats des tests montrent un haut niveau de sant\u00e9 qui est h\u00e9rit\u00e9 par les nouvelles g\u00e9n\u00e9rations.\nPour ces tests, nous travaillons avec des laboratoires dans diff\u00e9rents pays.\nNous avons un \u00e9ducateur canin qui vient r\u00e9guli\u00e8rement \u00e9duquer nos chiots et nous organisons r\u00e9guli\u00e8rement des contr\u00f4les de tous nos chiens avec des v\u00e9t\u00e9rinaires qui suivent leur \u00e9volution de mani\u00e8re permanente.\n<\/p><\/div><\/div><\/div><div class=\"vc_column tdi_16  wpb_column vc_column_container tdc-column td-pb-span6\">\n<style scoped>\n\/* custom css - generated by TagDiv Composer *\/\n\n\/* custom css - generated by TagDiv Composer *\/\n\/* custom css - generated by TagDiv Composer *\/\n.tdi_16{\r\n                    vertical-align: baseline;\r\n                }.tdi_16 > .wpb_wrapper,\r\n\t\t\t\t.tdi_16 > .wpb_wrapper > .tdc-elements{\r\n\t\t\t\t    display: block;\r\n\t\t\t\t}.tdi_16 > .wpb_wrapper > .tdc-elements{\r\n\t\t\t\t    width: 100%;\r\n\t\t\t\t}.tdi_16 > .wpb_wrapper > .vc_row_inner{\r\n\t\t\t\t    width: auto;\r\n\t\t\t\t}.tdi_16 > .wpb_wrapper{\r\n\t\t\t\t    width: auto;\r\n\t\t\t\t    height: auto;\r\n\t\t\t\t}\n<\/style><div class=\"wpb_wrapper\" ><div class=\"tdm_block td_block_wrap tdm_block_inline_image tdi_17 td-animation-stack tdm-content-horiz-left td-pb-border-top td_block_template_1\"  data-td-block-uid=\"tdi_17\" >\n<style>\n\n\/* inline tdc_css att - generated by TagDiv Composer *\/\n\n\/* phone *\/\n@media (max-width: 767px)\n{\n.tdi_17{\nmargin-top:40px !important;\n}\n}\n\n<\/style>\n<style>\n\/* custom css - generated by TagDiv Composer *\/\n\/* custom css - generated by TagDiv Composer *\/\n.tdm_block.tdm_block_inline_image{\r\n                  position: relative;\r\n                  margin-bottom: 0;\r\n                  line-height: 0;\r\n                }.tdm_block.tdm_block_inline_image .tdm-inline-image-wrap{\r\n                  position: relative;\r\n                  display: inline-block;\r\n                }.tdm_block.tdm_block_inline_image .td-image-video-modal{\r\n                  cursor: pointer;\r\n                }.tdm_block.tdm_block_inline_image .tdm-caption{\r\n                  width: 100%;\r\n                  font-family: Verdana, BlinkMacSystemFont, -apple-system, \"Segoe UI\", Roboto, Oxygen, Ubuntu, Cantarell, \"Open Sans\", \"Helvetica Neue\", sans-serif;\r\n                  padding-top: 6px;\r\n                  padding-bottom: 6px;\r\n                  font-size: 12px;\r\n                  font-style: italic;\r\n                  font-weight: normal;\r\n                  line-height: 17px;\r\n                  color: #444;\r\n                }.tdm_block.tdm_block_inline_image.tdm-caption-over-image .tdm-caption{\r\n                  position: absolute;\r\n                  left: 0;\r\n                  bottom: 0;\r\n                  margin-top: 0;\r\n                  padding-left: 10px;\r\n                  padding-right: 10px;\r\n                  width: 100%;\r\n                  background: rgba(0, 0, 0, 0.7);\r\n                  color: #fff;\r\n                }.tdi_17{\r\n                    width: 500px;\r\n                }.tdi_17 .tdm-inline-image-wrap:hover:before{\r\n                    opacity: 0;\r\n                }\n<\/style><div class=\"tdm-inline-image-wrap\" ><img loading=\"lazy\" decoding=\"async\" class=\"tdm-image td-fix-index td-lazy-img\" src=\"data:image\/png;base64,iVBORw0KGgoAAAANSUhEUgAABCwAAAJEAQMAAADnqyfeAAAAA1BMVEWurq51dlI4AAAAAXRSTlMmkutdmwAAAG9JREFUeNrswYEAAAAAgKD9qRepAgAAAAAAAAAAAAAAAAAAAAAAAAAAAAAAAAAAAAAAAAAAAAAAAAAAAAAAAAAAAAAAAAAAAAAAAAAAAADg9uCQAAAAAEDQ\/9fOsAAAAAAAAAAAAAAAAAAAAAAAsAox6wABwRHV3QAAAABJRU5ErkJggg==\" data-type=\"image_tag\" data-img-url=\"https:\/\/rudypadla.com\/wp-content\/uploads\/2024\/09\/IMG_0316.jpg\"  title=\"IMG_0316\" width=\"1512\" height=\"2016\"><\/div><\/div><\/div><\/div><\/div><\/div><\/div><\/div>","protected":false},"excerpt":{"rendered":"","protected":false},"author":1,"featured_media":0,"parent":0,"menu_order":0,"comment_status":"closed","ping_status":"closed","template":"","meta":{"footnotes":""},"class_list":["post-636","page","type-page","status-publish"],"_links":{"self":[{"href":"https:\/\/rudypadla.com\/fr\/wp-json\/wp\/v2\/pages\/636","targetHints":{"allow":["GET"]}}],"collection":[{"href":"https:\/\/rudypadla.com\/fr\/wp-json\/wp\/v2\/pages"}],"about":[{"href":"https:\/\/rudypadla.com\/fr\/wp-json\/wp\/v2\/types\/page"}],"author":[{"embeddable":true,"href":"https:\/\/rudypadla.com\/fr\/wp-json\/wp\/v2\/users\/1"}],"replies":[{"embeddable":true,"href":"https:\/\/rudypadla.com\/fr\/wp-json\/wp\/v2\/comments?post=636"}],"version-history":[{"count":5,"href":"https:\/\/rudypadla.com\/fr\/wp-json\/wp\/v2\/pages\/636\/revisions"}],"predecessor-version":[{"id":643,"href":"https:\/\/rudypadla.com\/fr\/wp-json\/wp\/v2\/pages\/636\/revisions\/643"}],"wp:attachment":[{"href":"https:\/\/rudypadla.com\/fr\/wp-json\/wp\/v2\/media?parent=636"}],"curies":[{"name":"wp","href":"https:\/\/api.w.org\/{rel}","templated":true}]}}