{"id":621,"date":"2024-09-04T13:55:34","date_gmt":"2024-09-04T13:55:34","guid":{"rendered":"https:\/\/rudypadla.com\/?page_id=621"},"modified":"2024-09-04T13:55:36","modified_gmt":"2024-09-04T13:55:36","slug":"politique-de-protection-des-donnees","status":"publish","type":"page","link":"https:\/\/rudypadla.com\/fr\/politique-de-protection-des-donnees\/","title":{"rendered":"Politique de protection des donn\u00e9es"},"content":{"rendered":"<p><br>Mise \u00e0 jour le 01\/09\/2024<br>Les termes avec une majuscule sont d\u00e9finis dans les Conditions G\u00e9n\u00e9rales d'Utilisation<br>de la Site Internet www.rudypadla.com. Lors de votre navigation sur les Site Internet<br>www.rudypadla.coms Rudy Padla Breeding et Rudy Padla Breeding et de l'utilisation<br>des Services de vente en ligne qui y sont propos\u00e9s, des donn\u00e9es personnelles vous<br>concernant sont collect\u00e9es et trait\u00e9es par nos services. La pr\u00e9sente politique de<br>protection des donn\u00e9es a pour objet de vous informer sur :<br>\u25cf la fa\u00e7on dont nous collectons et traitons vos donn\u00e9es \u00e0 caract\u00e8re personnel ;<br>\u25cf les cookies que nous d\u00e9posons sur votre terminal de navigation.<br>I. VOS DONN\u00c9ES PERSONNELLES<\/p><ol class=\"wp-block-list\"><li>Qui est responsable de traitement ? Le responsable de traitement est la personne qui<br>d\u00e9termine les finalit\u00e9s et les moyens d'un traitement, c'est-\u00e0-dire l'objectif et la fa\u00e7on<br>de le r\u00e9aliser. EARL Rudy Padla Breeding : responsable de traitement pour l'utilisation<br>de la Site Internet www.rudypadla.com et des Services qui y sont propos\u00e9s La soci\u00e9t\u00e9<br>EARL Rudy Padla Breeding, immatricul\u00e9e au 899 737 936 R.C.S. Evreux, repr\u00e9sent\u00e9e par<br>Mme Elena Voytyakhova en qualit\u00e9 de Pr\u00e9sident, dont le si\u00e8ge social est situ\u00e9 15 Etangs<br>de Diane, 27780, Garenne sur Eure \u00e9dite la Site Internet www.rudypadla.com. Dans ce<br>cadre, nous collectons et traitons vos donn\u00e9es personnelles en qualit\u00e9 de responsable<br>de traitement lors de votre navigation sur la Site Internet www.rudypadla.com et de<br>l'utilisation des Services qui y sont propos\u00e9s.<br>Affichage des contenus de la Site Internet www.rudypadla.com personnalis\u00e9s en<br>fonction de votre navigation, de votre profil, des informations que vous avez fournies<br>Gestion des demandes de droit d'acc\u00e8s, d'effacement, de portabilit\u00e9, de limitation, de<br>rectification et d'opposition recueil du consentement int\u00e9r\u00eat l\u00e9gitime de Rudy Padla<br>Breeding pour un client sur un produit ou service analogue ou recueil du consentement<br>recueil du consentement recueil du consentement obligation l\u00e9gale<br>Quelles sont les donn\u00e9es personnelles que nous traitons vous concernant ? Nous<br>collectons et traitons :<br>\u25cf les donn\u00e9es personnelles que vous avez renseign\u00e9es au sein de notre Site Internet<br>www.rudypadla.com, notamment lors de la cr\u00e9ation de votre Compte Personnel (email,<br>nom, pr\u00e9nom, adresse, num\u00e9ro de t\u00e9l\u00e9phone, mot de passe, etc ;<br>\u25cf les informations relatives aux Commandes que vous passez au sein de la Site Internet<br>www.rudypadla.com (produit achet\u00e9, num\u00e9ro de transaction, adresse de livraison,<br>etc ;<br>\u25cf les informations relatives \u00e0 vos moyens de paiement (num\u00e9ro de carte bancaire, date<br>de fin de validit\u00e9 de la carte bancaire, cryptogramme visuel). Seul notre prestataire de<br>paiement s\u00e9curis\u00e9 a acc\u00e8s au cryptogramme visuel ;<br>\u25cf vos donn\u00e9es de connexion et de navigation au sein de la Site Internet<br>www.rudypadla.com (adresse IP, la valeur en euros et la composition de votre panier,<br>les produits et pages que vous avez consult\u00e9s ou recherch\u00e9s, l'URL de la page de<br>destination et l'URL du site Web \u00e0 partir duquel vous \u00eates arriv\u00e9) ;<br>\u25cf les informations que vous renseignez lorsque vous laissez un avis ;<br>\u25cf des informations sur nos publicit\u00e9s que vous consultez ;<br>\u25cf les informations que vous renseignez lors de votre participation \u00e0 des op\u00e9rations.<br>promotionnelles, sondages et enqu\u00eates, jeux concours ou \u00e9v\u00e9nements que nous<br>organisons. Dans le cadre de Site Internet www.rudypadla.com \/ Rudy Padla Breeding,<br>nous collectons et traitons les donn\u00e9es personnelles que vous avez renseign\u00e9es et\/ou<br>transmises pour vous inscrire \u00e0 la Site Internet www.rudypadla.com<br>\u25cf si vous n'avez jamais effectu\u00e9 de Commande sur notre Site : nous conservons vos<br>donn\u00e9es personnelles \u00e0 des fins de prospection commerciale pendant 3 ans \u00e0 compter<br>de votre dernier contact avec Rudy Padla Breeding (c'est-\u00e0-dire \u00e0 compter de la<br>derni\u00e8re fois que vous avez cliqu\u00e9 sur un lien hypertexte contenu dans un email) ;<br>\u25cf si vous avez effectu\u00e9 une Commande sur notre Site : nous conservons vos donn\u00e9es<br>personnelles pendant 3 ans \u00e0 compter de la fin de votre relation commerciale avec<br>Rudy Padla Breeding. La fin de votre relation commerciale correspond \u00e0 votre derni\u00e8re<br>Commande sur la Site Internet www.rudypadla.com ou, si cette date est post\u00e9rieure, \u00e0<br>votre dernier contact avec Rudy Padla Breeding (c'est-\u00e0-dire \u00e0 compter de votre<br>derni\u00e8re connexion \u00e0 votre Compte Personnel ou votre dernier appel<br>t\u00e9l\u00e9phonique\/email\/conversation tchat avec Rudy Padla Breeding) ;<br>\u25cf si vous avez enregistr\u00e9 votre carte bancaire dans votre compte client, nous<br>conservons vos coordonn\u00e9es bancaires (\u00e0 l'exception du cryptogramme) jusqu'au<br>retrait de votre consentement (vous pouvez supprimer la carte enregistr\u00e9e depuis votre<br>compte client) ;<br>\u25cf nous conservons vos donn\u00e9es relatives \u00e0 vos demandes de droit d'acc\u00e8s, de<br>rectification, d'effacement, de portabilit\u00e9, de limitation et d'opposition pendant 3 ans \u00e0<br>compter de l'exercice de votre droit ;<br>\u25cf nous conservons les donn\u00e9es collect\u00e9es via les traceurs de mesures d'audience.<br>exempt\u00e9s de consentement pendant 25 mois \u00e0 compter du d\u00e9p\u00f4t du traceur sur le<br>terminal de connexion ;<br>\u25cf la portabilit\u00e9 de vos donn\u00e9es personnelles ;<br>\u25cf d'organiser le sort de vos donn\u00e9es personnelles en cas de d\u00e9c\u00e8s (conservation,<br>effacement, ou communication \u00e0 une personne d\u00e9sign\u00e9e). Vous disposez \u00e9galement du<br>droit de vous opposer, dans certaines conditions, au traitement de vos donn\u00e9es<br>personnelles. Vous pouvez \u00e9galement, \u00e0 tout moment<br>\u25cf retirer votre consentement au traitement de vos donn\u00e9es mis en oeuvre par nos<br>services \u00e0 des fins de publicit\u00e9 comportementale, d'analyse de la navigation et de<br>mesures d'audience en param\u00e9trant vos cookies ;<br>NOS COOKIES<br>Nous d\u00e9crivons ci-apr\u00e8s les traceurs et\/ou cookies (ci-apr\u00e8s \"les Cookies\") qui peuvent<br>\u00eatre d\u00e9pos\u00e9s et\/ou lus sur votre terminal lorsque vous utilisez la Site Internet<br>www.rudypadla.com ainsi que les moyens dont vous disposez pour accepter ou refuser<br>ces Cookies \u00e0 tout moment.<\/li>\n\n<li>Qu'est-ce qu'un Cookie ?<br>Un cookie est un petit fichier informatique qui est d\u00e9pos\u00e9 et\/ou lu par exemple<br>lors de la consultation d'un site internet, d'une application mobile et ce, quel<br>que soit le type de terminal que vous utilisez (ordinateur, smartphone, tablette,<br>etc.) Il existe plusieurs types de Cookies tels que les cookies HTTP, les cookies<br>flash, les f ingerprinting, les identifiants g\u00e9n\u00e9r\u00e9s par un logiciel ou un syst\u00e8me<br>d'exploitation (num\u00e9ro de s\u00e9rie, adresse MAC, identifiant unique de terminal<br>(IDFV), etc.)<\/li>\n\n<li>Quels Cookies utilisons-nous sur le Site Internet www.rudypadla.com ?<br>Un bandeau d'information s'affiche lors de votre premi\u00e8re connexion \u00e0 la Site<br>Internet www.rudypadla.com afin de vous informer pr\u00e9alablement au d\u00e9p\u00f4t de<br>ces Cookies, (1) de leur pr\u00e9sence et (2) de vous permettre de les param\u00e9trer.<br>Nous vous informons que 4 cat\u00e9gories de Cookies peuvent s'installer lors de<br>votre navigation sur notre Site Internet www.rudypadla.com :<br>2.1 Cookies n\u00e9cessaires<br>Ces Cookies sont n\u00e9cessaires au bon fonctionnement de la Site Internet<br>www.rudypadla.com. Au sein de notre Site Internet www.rudypadla.com, nous<br>utilisons :<br>\u25cf des Cookies pour conserver vos choix sur le d\u00e9p\u00f4t des Cookies (quels sont les<br>cookies que vous autorisez) ;<br>\u25cf des Cookies qui vous permettent d'utiliser les principales fonctionnalit\u00e9s de la<br>Site Internet www.rudypadla.com, \u00e0 savoir notamment : \u25cb de vous identifier et<br>vous connecter \u00e0 votre compte, \u25cb d'afficher sur la Site Internet<br>www.rudypadla.com les Produits que vous avez d\u00e9j\u00e0 vus,<br>\u25cf des Cookies qui nous permettent de garder en m\u00e9moire le contenu de votre<br>panier d'achat sur notre Site Internet www.rudypadla.com ;<br>\u25cf des Cookies qui vous permettent de payer vos Commandes sur la Site Internet<br>www.rudypadla.com ;<br>\u25cf des Cookies qui permettent l'\u00e9quilibrage de la charge des \u00e9quipements ;<br>2.2. Cookies Pr\u00e9f\u00e9rence<br>Ces Cookies nous permettent d'optimiser votre navigation sur notre Site Internet<br>www.rudypadla.com et d'am\u00e9liorer les contenus que nous vous proposons. A<br>titre d'exemples, nous avons :<br>\u25cf des Cookies pour vous afficher les vid\u00e9os Youtube ;<br>\u25cf des Cookies pour analyser votre navigation et vous proposer des sondages et...<br>des enqu\u00eates pour nous aider \u00e0 comprendre comment vous utilisez la Site<br>Internet www.rudypadla.com et am\u00e9liorer nos services. Vous devez accepter<br>ces Cookies pour en b\u00e9n\u00e9ficier.<br>2.3. Cookies Statistiques<br>Ces Cookies nous permettent de mesurer l'audience sur notre Site Internet<br>www.rudypadla.com (nombre de visiteurs, dur\u00e9e de la navigation, etc.) afin d'am\u00e9liorer la qualit\u00e9 de l'information.<br>d'am\u00e9liorer son fonctionnement et les services propos\u00e9s. Ces cookies nous<br>permettent de conna\u00eetre :<br>\u25cf la valeur en euros et la composition de votre panier, m\u00eame si la transaction.<br>n'est pas finalis\u00e9e ;<br>\u25cf le contenu de vos recherches sur la Site Internet www.rudypadla.com ; \u25cf votre<br>horodatage ;<br>\u25cf votre localisation (g\u00e9olocalisation bas\u00e9e sur votre adresse IP \u00e0 la ville la plus<br>proche) ;<br>\u25cf l'URL de la page de destination et l'URL du site Web \u00e0 partir duquel vous \u00eates<br>arriv\u00e9 ;<br>\u25cf votre Adresse IP ;<br>\u25cf le nom, la version, la langue et la taille de la fen\u00eatre de votre navigateur et de<br>votre syst\u00e8me d'exploitation tels qu'ils sont transmis par votre navigateur.<br>Nous utilisons \"Google Analytics\" pour \u00e9tablir nos mesures d'audience.<br>L'utilisation de Google Analytics entra\u00eene le transfert de donn\u00e9es personnelles<br>vers les Etats-Unis. Nous vous invitons \u00e0 prendre connaissance des conditions<br>d'utilisation de Google Analytics : www.google.com\/policies\/privacy\/partners\/.<br>Si vous souhaitez d\u00e9sactiver Google Analytics sur votre navigateur, vous pouvez<br>installer un module compl\u00e9mentaire dans votre navigateur d\u00e9velopp\u00e9 par<br>Google : https:\/\/tools.google.com\/dlpage\/gaoptout?hl=fr.<br>2.4. Marketing des cookies<br>Ces cookies nous permettent d'analyser votre navigation pour identifier vos<br>centres d'int\u00e9r\u00eat et vous afficher des publicit\u00e9s les plus susceptibles de vous<br>int\u00e9resser lors de votre navigation sur internet. Dans ce cadre, deux types de<br>Cookies peuvent \u00eatre d\u00e9pos\u00e9s sur la Site Internet www.rudypadla.com :<br>\u25cf des Cookies \" internes \" d\u00e9pos\u00e9s et utilis\u00e9s par Rudy Padla Breeding ;<br>\u25cf desCookies dits \" tiers \" d\u00e9pos\u00e9s, utilis\u00e9s et g\u00e9r\u00e9s directement par nos<br>soci\u00e9t\u00e9s partenaires. Nous sommes co-responsables de traitement de ces<br>Cookies avec nos partenaires. Les soci\u00e9t\u00e9s partenaires qui d\u00e9posent et utilisent<br>des Cookies sur notre Site Internet www.rudypadla.coms pour leur compte sont<br>\u25cf Google Inc. (1600 Amphitheatre Parkway, Mountain View, CA 94043, \u00c9tats-<br>Unis, \"Google\") : https:\/\/www.google.com\/privacy\/ads. Vous pouvez d\u00e9sactiver<br>l'utilisation des Cookies de personnalisation des annonces Google en cliquant<br>sur le lien ci-apr\u00e8s, en t\u00e9l\u00e9chargeant et en installant le plug-in fourni :<br>https:\/\/support.google.com\/ads\/answer\/7395996?hl=fr ;<br>\u25cf Facebook (1601 S. California Ave, Palo Alto, CA 94304, \u00c9tats-Unis,<br>\"Facebook\") : https:\/\/www.facebook.com\/about\/privacy ;<br>\u25cf Criteo : https:\/\/www.criteo.com\/fr\/privacy ;<br>\u25cf Microsoft https:\/\/about.ads.microsoft.com\/en-gb\/resources\/policies\/privacy-<br>et des politiques de protection des donn\u00e9es.<\/li><\/ol>","protected":false},"excerpt":{"rendered":"<p>Mise \u00e0 jour le 01\/09\/2024Les termes avec une majuscule sont d\u00e9finis dans les Conditions G\u00e9n\u00e9rales d'Utilisationde la Site Internet www.rudypadla.com. Lors de votre navigation sur les Site Internetwww.rudypadla.coms Rudy Padla Breeding et Rudy Padla Breeding et de l'utilisationdes Services de vente en ligne qui y sont propos\u00e9s, des donn\u00e9es personnelles vousconcernant sont collect\u00e9es et trait\u00e9es [...]<\/p>","protected":false},"author":1,"featured_media":0,"parent":0,"menu_order":0,"comment_status":"closed","ping_status":"closed","template":"","meta":{"footnotes":""},"class_list":["post-621","page","type-page","status-publish"],"_links":{"self":[{"href":"https:\/\/rudypadla.com\/fr\/wp-json\/wp\/v2\/pages\/621","targetHints":{"allow":["GET"]}}],"collection":[{"href":"https:\/\/rudypadla.com\/fr\/wp-json\/wp\/v2\/pages"}],"about":[{"href":"https:\/\/rudypadla.com\/fr\/wp-json\/wp\/v2\/types\/page"}],"author":[{"embeddable":true,"href":"https:\/\/rudypadla.com\/fr\/wp-json\/wp\/v2\/users\/1"}],"replies":[{"embeddable":true,"href":"https:\/\/rudypadla.com\/fr\/wp-json\/wp\/v2\/comments?post=621"}],"version-history":[{"count":1,"href":"https:\/\/rudypadla.com\/fr\/wp-json\/wp\/v2\/pages\/621\/revisions"}],"predecessor-version":[{"id":625,"href":"https:\/\/rudypadla.com\/fr\/wp-json\/wp\/v2\/pages\/621\/revisions\/625"}],"wp:attachment":[{"href":"https:\/\/rudypadla.com\/fr\/wp-json\/wp\/v2\/media?parent=621"}],"curies":[{"name":"wp","href":"https:\/\/api.w.org\/{rel}","templated":true}]}}