{"id":616,"date":"2024-09-04T13:54:20","date_gmt":"2024-09-04T13:54:20","guid":{"rendered":"https:\/\/rudypadla.com\/?page_id=616"},"modified":"2024-09-18T17:49:19","modified_gmt":"2024-09-18T17:49:19","slug":"mentions-legales","status":"publish","type":"page","link":"https:\/\/rudypadla.com\/fr\/mentions-legales\/","title":{"rendered":"Mentions l\u00e9gales"},"content":{"rendered":"<p>Le site web www.rudypadla.com est la propri\u00e9t\u00e9 de EARL Rudy Padla Breeding, num\u00e9ro 899 737 936 R.C.S. Evreux<\/p><p>Si\u00e8ge Social : 15 Etangs de Diane, 27780, Garennes sur Eure, FRANCE<\/p><p>T\u00e9l : +33 7 71 78 73 07<\/p><p>Courriel : jarstis@yahoo.fr<\/p><p>Responsable de la publication : Mme El\u00e8na Voytyakhova<\/p><p>Capital social : 7500,00 euros<\/p><p>Cr\u00e9ateur et h\u00e9bergement du site : Anton Aheienko (zen.acdc@gmail.com) , Tel : +38 (093) 645 0660<\/p><p>Modifications<br>En acc\u00e9dant et en naviguant sur ce site, l'utilisateur est inform\u00e9 de ses droits et obligations et accepte pleinement de se conformer aux pr\u00e9sentes conditions d'utilisations du site. L'\u00e9diteur du site se r\u00e9serve la possibilit\u00e9 de modifier ces conditions. Il appartient \u00e0 l'utilisateur de v\u00e9rifier p\u00e9riodiquement le contenu des documents concern\u00e9s. L'\u00e9diteur se r\u00e9serve la possibilit\u00e9 de supprimer ou de modifier en tout ou partie le \" site \".<\/p><p>Responsabilit\u00e9s EARL Rudy Padla \u00c9levage<br>L'\u00e9diteur du site www.rudypadla.com met tout en \u0153uvre pour assurer l'exactitude et la mise \u00e0 jour de l'ensemble des informations fournies sur son site.<br>Il ne peut garantir que les informations contenues sur le site soient compl\u00e8tes, pr\u00e9cises, exactes, exhaustives et d\u00e9pourvues de toute erreur.<br>EARL Rudy Padla Breeding s'engage, d\u00e8s qu'un utilisateur quelconque transmet toute erreur constat\u00e9e aux coordonn\u00e9es ci-dessus, \u00e0 proc\u00e9der \u00e0 la correction dans les plus brefs d\u00e9lais.<\/p><p>Accessibilit\u00e9<br>Le site est par principe accessible aux utilisateurs 24\/24h et 7\/7j, sauf interruption, programm\u00e9e ou non, pour des besoins de maintenance ou en cas de force majeure.<br>En cas d'indisponibilit\u00e9 d'acc\u00e8s au site, celui-ci s'engage \u00e0 faire son maximum afin de r\u00e9tablir l'acc\u00e8s.<br>Le site ne saurait \u00eatre tenu pour responsable de tout dommage, quelle qu'en soit la nature, r\u00e9sultant de son indisponibilit\u00e9.<\/p><p>Conform\u00e9ment \u00e0 la loi n\u00b0 78-17 du 6 janvier 1978, l'utilisateur peut \u00e0 tout moment acc\u00e9der aux informations personnelles le concernant d\u00e9tenues par EARL Rudy Padla Breeding, demander leur modification ou leur suppression. Ainsi, selon les articles 36, 39 et 40 de la loi Informatique et Libert\u00e9s, l'utilisateur peut demander que soient rectifi\u00e9es, compl\u00e9t\u00e9es, clarifi\u00e9es, mises \u00e0 jour ou effac\u00e9es les informations le concernant qui sont inexactes, incompl\u00e8tes, \u00e9quivoques, p\u00e9rim\u00e9es ou dont la collecte ou l'utilisation, la communication ou la conservation sont interdites.<br>Si vous souhaitez exercer ce droit et obtenir communication des informations vous concernant,<br>veuillez-vous adresser<br>par courrier \u00e0 15 Etangs de Diane, 27780, Garennes sur Eure, FRANCE<br>par email \u00e0 jarstis@yahoo.fr<br>Vous pouvez \u00e9galement, pour des motifs l\u00e9gitimes, vous opposer au traitement des donn\u00e9es vous concernant. Nous nous engageons \u00e0 prendre toutes pr\u00e9cautions afin de pr\u00e9server la s\u00e9curit\u00e9 de ces informations et notamment emp\u00eacher qu'elles ne soient d\u00e9form\u00e9es, endommag\u00e9es ou communiqu\u00e9es \u00e0 des tiers.<br>A la cl\u00f4ture du compte et \u00e0 toutes fins de preuve, des donn\u00e9es concernant l'utilisateur peuvent \u00eatre conserv\u00e9es et archiv\u00e9es confidentiellement par EARL Rudy Padla Breeding selon les lois en vigueur.<br>Afin d'am\u00e9liorer la qualit\u00e9 de son service et de mieux r\u00e9pondre aux attentes de ses utilisateurs, EARL Rudy Padla Breeding pourra \u00eatre amen\u00e9 \u00e0 collecter des donn\u00e9es nominatives sur l'utilisateur, notamment par l'utilisation de marqueurs (cookies).<\/p>","protected":false},"excerpt":{"rendered":"<p>Le site web www.rudypadla.com est la propri\u00e9t\u00e9 de EARL Rudy Padla Breeding, num\u00e9ro 899 737 936 R.C.S. Evreux Si\u00e8ge Social : 15 Etangs de Diane, 27780, Garennes sur Eure, FRANCE Tel. : +33 7 71 78 73 07 Email : jarstis@yahoo.fr Responsable de la publication : Mme El\u00e8na Voytyakhova Capital social : 7500,00 euros Cr\u00e9ateur [...]<\/p>","protected":false},"author":1,"featured_media":0,"parent":0,"menu_order":0,"comment_status":"closed","ping_status":"closed","template":"","meta":{"footnotes":""},"class_list":["post-616","page","type-page","status-publish"],"_links":{"self":[{"href":"https:\/\/rudypadla.com\/fr\/wp-json\/wp\/v2\/pages\/616","targetHints":{"allow":["GET"]}}],"collection":[{"href":"https:\/\/rudypadla.com\/fr\/wp-json\/wp\/v2\/pages"}],"about":[{"href":"https:\/\/rudypadla.com\/fr\/wp-json\/wp\/v2\/types\/page"}],"author":[{"embeddable":true,"href":"https:\/\/rudypadla.com\/fr\/wp-json\/wp\/v2\/users\/1"}],"replies":[{"embeddable":true,"href":"https:\/\/rudypadla.com\/fr\/wp-json\/wp\/v2\/comments?post=616"}],"version-history":[{"count":2,"href":"https:\/\/rudypadla.com\/fr\/wp-json\/wp\/v2\/pages\/616\/revisions"}],"predecessor-version":[{"id":844,"href":"https:\/\/rudypadla.com\/fr\/wp-json\/wp\/v2\/pages\/616\/revisions\/844"}],"wp:attachment":[{"href":"https:\/\/rudypadla.com\/fr\/wp-json\/wp\/v2\/media?parent=616"}],"curies":[{"name":"wp","href":"https:\/\/api.w.org\/{rel}","templated":true}]}}